{"id":1336,"date":"2025-09-03T19:04:10","date_gmt":"2025-09-03T19:04:10","guid":{"rendered":"https:\/\/maisonmoussie.fr\/petra-collection-espagnol\/"},"modified":"2026-02-20T15:30:48","modified_gmt":"2026-02-20T15:30:48","slug":"coleccion-petra","status":"publish","type":"page","link":"https:\/\/maisonmoussie.fr\/es\/coleccion-petra\/","title":{"rendered":"Colecci\u00f3n Petra"},"content":{"rendered":"<div id=\"cs-content\" class=\"cs-content\"><\/div>\n","protected":false},"excerpt":{"rendered":"<p>Cuando la innovaci\u00f3n se encuentra con la tradici\u00f3ncolecci\u00f3n petra Al combinar nuestra estricta exigencia sobre el origen y el grano de la madera con nuestra tecnolog\u00eda patentada de tostado con piedra, Petra realza el fruto, la finura y la elegancia del vino, minimizando al mismo tiempo el impacto de la madera.Tecnolog&iacute;a de tostado innovadoraEn el coraz&oacute;n de la Colecci&oacute;n Petra &#8230; <\/p>\n<div><a href=\"https:\/\/maisonmoussie.fr\/es\/coleccion-petra\/\" class=\"more-link\">Read More<\/a><\/div>\n","protected":false},"author":4,"featured_media":0,"parent":0,"menu_order":0,"comment_status":"closed","ping_status":"closed","template":"template-blank-4.php","meta":{"footnotes":""},"class_list":["post-1336","page","type-page","status-publish","hentry","no-post-thumbnail"],"yoast_head":"<!-- This site is optimized with the Yoast SEO plugin v27.0 - https:\/\/yoast.com\/product\/yoast-seo-wordpress\/ -->\n<title>Colecci\u00f3n Petra - Maison Moussi\u00e9<\/title>\n<meta name=\"robots\" content=\"index, follow, max-snippet:-1, max-image-preview:large, max-video-preview:-1\" \/>\n<link rel=\"canonical\" href=\"https:\/\/maisonmoussie.fr\/es\/coleccion-petra\/\" \/>\n<meta property=\"og:locale\" content=\"es_ES\" \/>\n<meta property=\"og:type\" content=\"article\" \/>\n<meta property=\"og:title\" content=\"Colecci\u00f3n Petra - Maison Moussi\u00e9\" \/>\n<meta property=\"og:description\" content=\"Cuando la innovaci\u00f3n se encuentra con la tradici\u00f3ncolecci\u00f3n petra Al combinar nuestra estricta exigencia sobre el origen y el grano de la madera con nuestra tecnolog\u00eda patentada de tostado con piedra, Petra realza el fruto, la finura y la elegancia del vino, minimizando al mismo tiempo el impacto de la madera.Tecnolog&iacute;a de tostado innovadoraEn el coraz&oacute;n de la Colecci&oacute;n Petra ... Read More\" \/>\n<meta property=\"og:url\" content=\"https:\/\/maisonmoussie.fr\/es\/coleccion-petra\/\" \/>\n<meta property=\"og:site_name\" content=\"Maison Moussi\u00e9\" \/>\n<meta property=\"article:modified_time\" content=\"2026-02-20T15:30:48+00:00\" \/>\n<meta name=\"twitter:card\" content=\"summary_large_image\" \/>\n<meta name=\"twitter:label1\" content=\"Tiempo de lectura\" \/>\n\t<meta name=\"twitter:data1\" content=\"5 minutos\" \/>\n<script type=\"application\/ld+json\" class=\"yoast-schema-graph\">{\"@context\":\"https:\/\/schema.org\",\"@graph\":[{\"@type\":\"WebPage\",\"@id\":\"https:\/\/maisonmoussie.fr\/es\/coleccion-petra\/\",\"url\":\"https:\/\/maisonmoussie.fr\/es\/coleccion-petra\/\",\"name\":\"Colecci\u00f3n Petra - Maison Moussi\u00e9\",\"isPartOf\":{\"@id\":\"https:\/\/maisonmoussie.fr\/#website\"},\"datePublished\":\"2025-09-03T19:04:10+00:00\",\"dateModified\":\"2026-02-20T15:30:48+00:00\",\"breadcrumb\":{\"@id\":\"https:\/\/maisonmoussie.fr\/es\/coleccion-petra\/#breadcrumb\"},\"inLanguage\":\"es\",\"potentialAction\":[{\"@type\":\"ReadAction\",\"target\":[\"https:\/\/maisonmoussie.fr\/es\/coleccion-petra\/\"]}]},{\"@type\":\"BreadcrumbList\",\"@id\":\"https:\/\/maisonmoussie.fr\/es\/coleccion-petra\/#breadcrumb\",\"itemListElement\":[{\"@type\":\"ListItem\",\"position\":1,\"name\":\"Home\",\"item\":\"https:\/\/maisonmoussie.fr\/es\/\"},{\"@type\":\"ListItem\",\"position\":2,\"name\":\"Colecci\u00f3n Petra\"}]},{\"@type\":\"WebSite\",\"@id\":\"https:\/\/maisonmoussie.fr\/#website\",\"url\":\"https:\/\/maisonmoussie.fr\/\",\"name\":\"Maison Moussi\u00e9\",\"description\":\"Noventhique Luxury Barrels\",\"potentialAction\":[{\"@type\":\"SearchAction\",\"target\":{\"@type\":\"EntryPoint\",\"urlTemplate\":\"https:\/\/maisonmoussie.fr\/?s={search_term_string}\"},\"query-input\":{\"@type\":\"PropertyValueSpecification\",\"valueRequired\":true,\"valueName\":\"search_term_string\"}}],\"inLanguage\":\"es\"}]}<\/script>\n<!-- \/ Yoast SEO plugin. -->","yoast_head_json":{"title":"Colecci\u00f3n Petra - Maison Moussi\u00e9","robots":{"index":"index","follow":"follow","max-snippet":"max-snippet:-1","max-image-preview":"max-image-preview:large","max-video-preview":"max-video-preview:-1"},"canonical":"https:\/\/maisonmoussie.fr\/es\/coleccion-petra\/","og_locale":"es_ES","og_type":"article","og_title":"Colecci\u00f3n Petra - Maison Moussi\u00e9","og_description":"Cuando la innovaci\u00f3n se encuentra con la tradici\u00f3ncolecci\u00f3n petra Al combinar nuestra estricta exigencia sobre el origen y el grano de la madera con nuestra tecnolog\u00eda patentada de tostado con piedra, Petra realza el fruto, la finura y la elegancia del vino, minimizando al mismo tiempo el impacto de la madera.Tecnolog&iacute;a de tostado innovadoraEn el coraz&oacute;n de la Colecci&oacute;n Petra ... Read More","og_url":"https:\/\/maisonmoussie.fr\/es\/coleccion-petra\/","og_site_name":"Maison Moussi\u00e9","article_modified_time":"2026-02-20T15:30:48+00:00","twitter_card":"summary_large_image","twitter_misc":{"Tiempo de lectura":"5 minutos"},"schema":{"@context":"https:\/\/schema.org","@graph":[{"@type":"WebPage","@id":"https:\/\/maisonmoussie.fr\/es\/coleccion-petra\/","url":"https:\/\/maisonmoussie.fr\/es\/coleccion-petra\/","name":"Colecci\u00f3n Petra - Maison Moussi\u00e9","isPartOf":{"@id":"https:\/\/maisonmoussie.fr\/#website"},"datePublished":"2025-09-03T19:04:10+00:00","dateModified":"2026-02-20T15:30:48+00:00","breadcrumb":{"@id":"https:\/\/maisonmoussie.fr\/es\/coleccion-petra\/#breadcrumb"},"inLanguage":"es","potentialAction":[{"@type":"ReadAction","target":["https:\/\/maisonmoussie.fr\/es\/coleccion-petra\/"]}]},{"@type":"BreadcrumbList","@id":"https:\/\/maisonmoussie.fr\/es\/coleccion-petra\/#breadcrumb","itemListElement":[{"@type":"ListItem","position":1,"name":"Home","item":"https:\/\/maisonmoussie.fr\/es\/"},{"@type":"ListItem","position":2,"name":"Colecci\u00f3n Petra"}]},{"@type":"WebSite","@id":"https:\/\/maisonmoussie.fr\/#website","url":"https:\/\/maisonmoussie.fr\/","name":"Maison Moussi\u00e9","description":"Noventhique Luxury Barrels","potentialAction":[{"@type":"SearchAction","target":{"@type":"EntryPoint","urlTemplate":"https:\/\/maisonmoussie.fr\/?s={search_term_string}"},"query-input":{"@type":"PropertyValueSpecification","valueRequired":true,"valueName":"search_term_string"}}],"inLanguage":"es"}]}},"_links":{"self":[{"href":"https:\/\/maisonmoussie.fr\/es\/wp-json\/wp\/v2\/pages\/1336","targetHints":{"allow":["GET"]}}],"collection":[{"href":"https:\/\/maisonmoussie.fr\/es\/wp-json\/wp\/v2\/pages"}],"about":[{"href":"https:\/\/maisonmoussie.fr\/es\/wp-json\/wp\/v2\/types\/page"}],"author":[{"embeddable":true,"href":"https:\/\/maisonmoussie.fr\/es\/wp-json\/wp\/v2\/users\/4"}],"replies":[{"embeddable":true,"href":"https:\/\/maisonmoussie.fr\/es\/wp-json\/wp\/v2\/comments?post=1336"}],"version-history":[{"count":86,"href":"https:\/\/maisonmoussie.fr\/es\/wp-json\/wp\/v2\/pages\/1336\/revisions"}],"predecessor-version":[{"id":1735,"href":"https:\/\/maisonmoussie.fr\/es\/wp-json\/wp\/v2\/pages\/1336\/revisions\/1735"}],"wp:attachment":[{"href":"https:\/\/maisonmoussie.fr\/es\/wp-json\/wp\/v2\/media?parent=1336"}],"curies":[{"name":"wp","href":"https:\/\/api.w.org\/{rel}","templated":true}]}}